{"id":2,"date":"2024-11-06T14:58:48","date_gmt":"2024-11-06T13:58:48","guid":{"rendered":"https:\/\/www.abbayedelerins.com\/?page_id=2"},"modified":"2026-04-20T11:34:45","modified_gmt":"2026-04-20T09:34:45","slug":"home","status":"publish","type":"page","link":"https:\/\/www.abbayedelerins.com\/en\/","title":{"rendered":"Home"},"content":{"rendered":"","protected":false},"excerpt":{"rendered":"","protected":false},"author":3,"featured_media":0,"parent":0,"menu_order":0,"comment_status":"closed","ping_status":"closed","template":"","meta":{"_acf_changed":false,"_seopress_robots_primary_cat":"","_seopress_titles_title":"Abbaye de L\u00e9rins","_seopress_titles_desc":"16 si\u00e8cles de vie monastique ont impr\u00e9gn\u00e9 l'\u00eele de St Honorat. Venez d\u00e9couvrir la beaut\u00e9 et la vie qui s\u2019y d\u00e9roule. L\u2019\u00e9glise est ouverte aux visiteurs.","_seopress_robots_index":"","footnotes":""},"class_list":["post-2","page","type-page","status-publish","hentry"],"acf":[],"_links":{"self":[{"href":"https:\/\/www.abbayedelerins.com\/en\/wp-json\/wp\/v2\/pages\/2","targetHints":{"allow":["GET"]}}],"collection":[{"href":"https:\/\/www.abbayedelerins.com\/en\/wp-json\/wp\/v2\/pages"}],"about":[{"href":"https:\/\/www.abbayedelerins.com\/en\/wp-json\/wp\/v2\/types\/page"}],"author":[{"embeddable":true,"href":"https:\/\/www.abbayedelerins.com\/en\/wp-json\/wp\/v2\/users\/3"}],"replies":[{"embeddable":true,"href":"https:\/\/www.abbayedelerins.com\/en\/wp-json\/wp\/v2\/comments?post=2"}],"version-history":[{"count":89,"href":"https:\/\/www.abbayedelerins.com\/en\/wp-json\/wp\/v2\/pages\/2\/revisions"}],"predecessor-version":[{"id":16628,"href":"https:\/\/www.abbayedelerins.com\/en\/wp-json\/wp\/v2\/pages\/2\/revisions\/16628"}],"wp:attachment":[{"href":"https:\/\/www.abbayedelerins.com\/en\/wp-json\/wp\/v2\/media?parent=2"}],"curies":[{"name":"wp","href":"https:\/\/api.w.org\/{rel}","templated":true}]}}